{"id":103,"date":"2023-04-30T06:08:13","date_gmt":"2023-04-30T06:08:13","guid":{"rendered":"http:\/\/www.hosiaisluoma.fi\/?page_id=103"},"modified":"2026-03-02T15:40:56","modified_gmt":"2026-03-02T15:40:56","slug":"hosiaisluoma-fi","status":"publish","type":"page","link":"https:\/\/www.hosiaisluoma.fi\/","title":{"rendered":"Hosiaisluoma.fi"},"content":{"rendered":"\n<p>Holistic enterprise design:<\/p>\n\n\n\n<p class=\"has-text-align-center\">Kokonaisvaltaista liiketoiminnan kehitt\u00e4mist\u00e4, liiketoiminnan muotoilua, kuvaamista ja mallintamista. <\/p>\n\n\n\n<p><\/p>\n\n\n\n<hr class=\"wp-block-separator has-text-color has-black-color has-alpha-channel-opacity has-black-background-color has-background is-style-wide\"\/>\n\n\n\n<figure class=\"wp-block-embed is-type-wp-embed is-provider-holistic-enterprise-design wp-block-embed-holistic-enterprise-design\"><div class=\"wp-block-embed__wrapper\">\n<blockquote class=\"wp-embedded-content\" data-secret=\"0GNOtS1ALM\"><a href=\"https:\/\/hosiaisluoma.fi\/design\/enterprise-wheel\/\">Enterprise Wheel<\/a><\/blockquote><iframe loading=\"lazy\" class=\"wp-embedded-content\" sandbox=\"allow-scripts\" security=\"restricted\" style=\"position: absolute; visibility: hidden;\" title=\"&#8220;Enterprise Wheel&#8221; &#8212; Holistic Enterprise Design\" src=\"https:\/\/hosiaisluoma.fi\/design\/enterprise-wheel\/embed\/#?secret=5INLT7HUov#?secret=0GNOtS1ALM\" data-secret=\"0GNOtS1ALM\" width=\"600\" height=\"338\" frameborder=\"0\" marginwidth=\"0\" marginheight=\"0\" scrolling=\"no\"><\/iframe>\n<\/div><\/figure>\n\n\n\n<hr class=\"wp-block-separator has-text-color has-black-color has-alpha-channel-opacity has-black-background-color has-background\"\/>\n\n\n\n<figure class=\"wp-block-embed is-type-wp-embed is-provider-holistic-enterprise-design wp-block-embed-holistic-enterprise-design\"><div class=\"wp-block-embed__wrapper\">\n<blockquote class=\"wp-embedded-content\" data-secret=\"04rZfLKdFy\"><a href=\"https:\/\/hosiaisluoma.fi\/design\/edgy-fast-track\/\">EDGY Fast Track<\/a><\/blockquote><iframe loading=\"lazy\" class=\"wp-embedded-content\" sandbox=\"allow-scripts\" security=\"restricted\" style=\"position: absolute; visibility: hidden;\" title=\"&#8220;EDGY Fast Track&#8221; &#8212; Holistic Enterprise Design\" src=\"https:\/\/hosiaisluoma.fi\/design\/edgy-fast-track\/embed\/#?secret=oR2PWXbINz#?secret=04rZfLKdFy\" data-secret=\"04rZfLKdFy\" width=\"600\" height=\"338\" frameborder=\"0\" marginwidth=\"0\" marginheight=\"0\" scrolling=\"no\"><\/iframe>\n<\/div><\/figure>\n\n\n\n<hr class=\"wp-block-separator has-text-color has-black-color has-alpha-channel-opacity has-black-background-color has-background\"\/>\n\n\n\n<figure class=\"wp-block-image size-large is-resized\"><a href=\"https:\/\/hosiaisluoma.fi\/design\/\" target=\"_blank\" rel=\" noreferrer noopener\"><img loading=\"lazy\" decoding=\"async\" width=\"1024\" height=\"607\" src=\"https:\/\/www.hosiaisluoma.fi\/wp-content\/uploads\/2025\/01\/image-1024x607.png\" alt=\"EDGY\" class=\"wp-image-173\" style=\"width:631px;height:auto\" srcset=\"https:\/\/www.hosiaisluoma.fi\/wp-content\/uploads\/2025\/01\/image-1024x607.png 1024w, https:\/\/www.hosiaisluoma.fi\/wp-content\/uploads\/2025\/01\/image-300x178.png 300w, https:\/\/www.hosiaisluoma.fi\/wp-content\/uploads\/2025\/01\/image-768x455.png 768w, https:\/\/www.hosiaisluoma.fi\/wp-content\/uploads\/2025\/01\/image-1536x910.png 1536w, https:\/\/www.hosiaisluoma.fi\/wp-content\/uploads\/2025\/01\/image.png 1836w\" sizes=\"auto, (max-width: 1024px) 100vw, 1024px\" \/><\/a><figcaption class=\"wp-element-caption\">Klikkaa kuvaa ja avautuu Enterprise Design sis\u00e4lt\u00f6.<\/figcaption><\/figure>\n\n\n\n<p><\/p>\n\n\n\n<p>Tutustu <strong><a href=\"https:\/\/hosiaisluoma.fi\/design\/enterprise-design-with-edgy-cookbook\/\" target=\"_blank\" rel=\"noreferrer noopener\">EDGY Cookbookiin<\/a><\/strong> ja lataa <a href=\"https:\/\/hosiaisluoma.fi\/Enterprise-Design-Cookbook.pdf\" target=\"_blank\" rel=\"noreferrer noopener\">pdf-versio<\/a>.<\/p>\n\n\n\n<figure class=\"wp-block-image size-full is-resized\"><a href=\"https:\/\/hosiaisluoma.fi\/design\/enterprise-design-with-edgy-cookbook\/\" target=\"_blank\" rel=\" noreferrer noopener\"><img loading=\"lazy\" decoding=\"async\" width=\"1710\" height=\"1062\" src=\"https:\/\/www.hosiaisluoma.fi\/wp-content\/uploads\/2025\/01\/image-3.png\" alt=\"\" class=\"wp-image-192\" style=\"width:613px;height:auto\" srcset=\"https:\/\/www.hosiaisluoma.fi\/wp-content\/uploads\/2025\/01\/image-3.png 1710w, https:\/\/www.hosiaisluoma.fi\/wp-content\/uploads\/2025\/01\/image-3-300x186.png 300w, https:\/\/www.hosiaisluoma.fi\/wp-content\/uploads\/2025\/01\/image-3-1024x636.png 1024w, https:\/\/www.hosiaisluoma.fi\/wp-content\/uploads\/2025\/01\/image-3-768x477.png 768w, https:\/\/www.hosiaisluoma.fi\/wp-content\/uploads\/2025\/01\/image-3-1536x954.png 1536w\" sizes=\"auto, (max-width: 1710px) 100vw, 1710px\" \/><\/a><figcaption class=\"wp-element-caption\"><a href=\"https:\/\/hosiaisluoma.fi\/design\/enterprise-design-with-edgy-cookbook\/\" data-type=\"page\" data-id=\"3\" target=\"_blank\" rel=\"noreferrer noopener\">Avaa EDGY Cookbook<\/a>.<\/figcaption><\/figure>\n\n\n\n<hr class=\"wp-block-separator has-text-color has-black-color has-alpha-channel-opacity has-black-background-color has-background is-style-wide\"\/>\n\n\n\n<p class=\"has-background has-medium-font-size\" style=\"background-color:#80ffb7\">Katso <strong>Enterprise Flow<\/strong> -virtausmalli &#8211; lataa <a href=\"https:\/\/hosiaisluoma.fi\/Enterprise-Flow.pdf\" target=\"_blank\" rel=\"noreferrer noopener\">Enterprise-Flow.pdf<\/a><\/p>\n\n\n\n<hr class=\"wp-block-separator has-text-color has-black-color has-alpha-channel-opacity has-black-background-color has-background is-style-wide\"\/>\n\n\n\n<figure class=\"wp-block-embed is-type-wp-embed is-provider-kokonaisvaltainen-kehitt-auml-minen-amp-liiketoiminnan-muotoilu wp-block-embed-kokonaisvaltainen-kehitt-auml-minen-amp-liiketoiminnan-muotoilu\"><div class=\"wp-block-embed__wrapper\">\n<blockquote class=\"wp-embedded-content\" data-secret=\"5IxQzJKtDb\"><a href=\"https:\/\/www.hosiaisluoma.fi\/blogi\/enterprise-design-liiketoiminnan-muotoilu\/\">Enterprise Design &#8211; liiketoiminnan muotoilu \/ liiketoimintamuotoilu<\/a><\/blockquote><iframe loading=\"lazy\" class=\"wp-embedded-content\" sandbox=\"allow-scripts\" security=\"restricted\" style=\"position: absolute; visibility: hidden;\" title=\"&#8221;Enterprise Design &#8211; liiketoiminnan muotoilu \/ liiketoimintamuotoilu&#8221; &#8212; Kokonaisvaltainen kehitt&auml;minen &amp; liiketoiminnan muotoilu\" src=\"https:\/\/www.hosiaisluoma.fi\/blogi\/enterprise-design-liiketoiminnan-muotoilu\/embed\/#?secret=liNRNagYtZ#?secret=5IxQzJKtDb\" data-secret=\"5IxQzJKtDb\" width=\"600\" height=\"338\" frameborder=\"0\" marginwidth=\"0\" marginheight=\"0\" scrolling=\"no\"><\/iframe>\n<\/div><\/figure>\n\n\n\n<figure class=\"wp-block-embed is-type-wp-embed is-provider-kokonaisvaltainen-kehitt-auml-minen-amp-liiketoiminnan-muotoilu wp-block-embed-kokonaisvaltainen-kehitt-auml-minen-amp-liiketoiminnan-muotoilu\"><div class=\"wp-block-embed__wrapper\">\n<blockquote class=\"wp-embedded-content\" data-secret=\"M1qcJEnrp9\"><a href=\"https:\/\/www.hosiaisluoma.fi\/blogi\/powerpoint-kuvauspohjia-liiketoiminnan-muotoiluun\/\">PowerPoint kuvauspohjia liiketoiminnan muotoiluun<\/a><\/blockquote><iframe loading=\"lazy\" class=\"wp-embedded-content\" sandbox=\"allow-scripts\" security=\"restricted\" style=\"position: absolute; visibility: hidden;\" title=\"&#8221;PowerPoint kuvauspohjia liiketoiminnan muotoiluun&#8221; &#8212; Kokonaisvaltainen kehitt&auml;minen &amp; liiketoiminnan muotoilu\" src=\"https:\/\/www.hosiaisluoma.fi\/blogi\/powerpoint-kuvauspohjia-liiketoiminnan-muotoiluun\/embed\/#?secret=6s0wlbPGB7#?secret=M1qcJEnrp9\" data-secret=\"M1qcJEnrp9\" width=\"600\" height=\"338\" frameborder=\"0\" marginwidth=\"0\" marginheight=\"0\" scrolling=\"no\"><\/iframe>\n<\/div><\/figure>\n\n\n\n<figure class=\"wp-block-embed is-type-wp-embed is-provider-kokonaisvaltainen-kehitt-auml-minen-amp-liiketoiminnan-muotoilu wp-block-embed-kokonaisvaltainen-kehitt-auml-minen-amp-liiketoiminnan-muotoilu\"><div class=\"wp-block-embed__wrapper\">\n<blockquote class=\"wp-embedded-content\" data-secret=\"xNW1ZNrcF5\"><a href=\"https:\/\/www.hosiaisluoma.fi\/blogi\/asiakasnakokulma\/\">Asiakasn\u00e4k\u00f6kulma<\/a><\/blockquote><iframe loading=\"lazy\" class=\"wp-embedded-content\" sandbox=\"allow-scripts\" security=\"restricted\" style=\"position: absolute; visibility: hidden;\" title=\"&#8221;Asiakasn\u00e4k\u00f6kulma&#8221; &#8212; Kokonaisvaltainen kehitt&auml;minen &amp; liiketoiminnan muotoilu\" src=\"https:\/\/www.hosiaisluoma.fi\/blogi\/asiakasnakokulma\/embed\/#?secret=yivHmDKIhk#?secret=xNW1ZNrcF5\" data-secret=\"xNW1ZNrcF5\" width=\"600\" height=\"338\" frameborder=\"0\" marginwidth=\"0\" marginheight=\"0\" scrolling=\"no\"><\/iframe>\n<\/div><\/figure>\n\n\n\n<figure class=\"wp-block-embed is-type-wp-embed is-provider-kokonaisvaltainen-kehitt-auml-minen-amp-liiketoiminnan-muotoilu wp-block-embed-kokonaisvaltainen-kehitt-auml-minen-amp-liiketoiminnan-muotoilu\"><div class=\"wp-block-embed__wrapper\">\n<blockquote class=\"wp-embedded-content\" data-secret=\"uiWUF2tg8W\"><a href=\"https:\/\/www.hosiaisluoma.fi\/blogi\/hairiokysynta\/\">H\u00e4iri\u00f6kysynt\u00e4<\/a><\/blockquote><iframe loading=\"lazy\" class=\"wp-embedded-content\" sandbox=\"allow-scripts\" security=\"restricted\" style=\"position: absolute; visibility: hidden;\" title=\"&#8221;H\u00e4iri\u00f6kysynt\u00e4&#8221; &#8212; Kokonaisvaltainen kehitt&auml;minen &amp; liiketoiminnan muotoilu\" src=\"https:\/\/www.hosiaisluoma.fi\/blogi\/hairiokysynta\/embed\/#?secret=93VugHc5cZ#?secret=uiWUF2tg8W\" data-secret=\"uiWUF2tg8W\" width=\"600\" height=\"338\" frameborder=\"0\" marginwidth=\"0\" marginheight=\"0\" scrolling=\"no\"><\/iframe>\n<\/div><\/figure>\n\n\n\n<p><\/p>\n\n\n\n<figure class=\"wp-block-embed is-type-wp-embed is-provider-holistic-enterprise-design wp-block-embed-holistic-enterprise-design\"><div class=\"wp-block-embed__wrapper\">\n<blockquote class=\"wp-embedded-content\" data-secret=\"ZbVhNiZwrJ\"><a href=\"https:\/\/hosiaisluoma.fi\/design\/enterprise-flow\/\">Enterprise Flow<\/a><\/blockquote><iframe loading=\"lazy\" class=\"wp-embedded-content\" sandbox=\"allow-scripts\" security=\"restricted\" style=\"position: absolute; visibility: hidden;\" title=\"&#8220;Enterprise Flow&#8221; &#8212; Holistic Enterprise Design\" src=\"https:\/\/hosiaisluoma.fi\/design\/enterprise-flow\/embed\/#?secret=ORNmEdeIUc#?secret=ZbVhNiZwrJ\" data-secret=\"ZbVhNiZwrJ\" width=\"600\" height=\"338\" frameborder=\"0\" marginwidth=\"0\" marginheight=\"0\" scrolling=\"no\"><\/iframe>\n<\/div><\/figure>\n\n\n\n<p><\/p>\n\n\n\n<figure class=\"wp-block-embed is-type-wp-embed is-provider-kokonaisvaltainen-kehitt-auml-minen-amp-liiketoiminnan-muotoilu wp-block-embed-kokonaisvaltainen-kehitt-auml-minen-amp-liiketoiminnan-muotoilu\"><div class=\"wp-block-embed__wrapper\">\n<blockquote class=\"wp-embedded-content\" data-secret=\"XXuHklrjeR\"><a href=\"https:\/\/www.hosiaisluoma.fi\/blogi\/kyvykkyys\/\">Kyvykkyys<\/a><\/blockquote><iframe loading=\"lazy\" class=\"wp-embedded-content\" sandbox=\"allow-scripts\" security=\"restricted\" style=\"position: absolute; visibility: hidden;\" title=\"&#8221;Kyvykkyys&#8221; &#8212; Kokonaisvaltainen kehitt&auml;minen &amp; liiketoiminnan muotoilu\" src=\"https:\/\/www.hosiaisluoma.fi\/blogi\/kyvykkyys\/embed\/#?secret=TPqDXWVNyG#?secret=XXuHklrjeR\" data-secret=\"XXuHklrjeR\" width=\"600\" height=\"338\" frameborder=\"0\" marginwidth=\"0\" marginheight=\"0\" scrolling=\"no\"><\/iframe>\n<\/div><\/figure>\n\n\n\n<figure class=\"wp-block-embed is-type-wp-embed is-provider-kokonaisvaltainen-kehitt-auml-minen-amp-liiketoiminnan-muotoilu wp-block-embed-kokonaisvaltainen-kehitt-auml-minen-amp-liiketoiminnan-muotoilu\"><div class=\"wp-block-embed__wrapper\">\n<blockquote class=\"wp-embedded-content\" data-secret=\"rFPpAvnwPK\"><a href=\"https:\/\/www.hosiaisluoma.fi\/blogi\/tavoitteellisuus-kannattaa-aina\/\">Tavoitteellisuus kannattaa aina<\/a><\/blockquote><iframe loading=\"lazy\" class=\"wp-embedded-content\" sandbox=\"allow-scripts\" security=\"restricted\" style=\"position: absolute; visibility: hidden;\" title=\"&#8221;Tavoitteellisuus kannattaa aina&#8221; &#8212; Kokonaisvaltainen kehitt&auml;minen &amp; liiketoiminnan muotoilu\" src=\"https:\/\/www.hosiaisluoma.fi\/blogi\/tavoitteellisuus-kannattaa-aina\/embed\/#?secret=Y5Y6ErlWod#?secret=rFPpAvnwPK\" data-secret=\"rFPpAvnwPK\" width=\"600\" height=\"338\" frameborder=\"0\" marginwidth=\"0\" marginheight=\"0\" scrolling=\"no\"><\/iframe>\n<\/div><\/figure>\n\n\n\n<figure class=\"wp-block-embed is-type-wp-embed is-provider-kokonaisvaltainen-kehitt-auml-minen-amp-liiketoiminnan-muotoilu wp-block-embed-kokonaisvaltainen-kehitt-auml-minen-amp-liiketoiminnan-muotoilu\"><div class=\"wp-block-embed__wrapper\">\n<blockquote class=\"wp-embedded-content\" data-secret=\"KZHZLM3WDV\"><a href=\"https:\/\/www.hosiaisluoma.fi\/blogi\/archimate-kasikirja\/\">ArchiMate k\u00e4sikirja<\/a><\/blockquote><iframe loading=\"lazy\" class=\"wp-embedded-content\" sandbox=\"allow-scripts\" security=\"restricted\" style=\"position: absolute; visibility: hidden;\" title=\"&#8221;ArchiMate k\u00e4sikirja&#8221; &#8212; Kokonaisvaltainen kehitt&auml;minen &amp; liiketoiminnan muotoilu\" src=\"https:\/\/www.hosiaisluoma.fi\/blogi\/archimate-kasikirja\/embed\/#?secret=vb2Jd2e3gz#?secret=KZHZLM3WDV\" data-secret=\"KZHZLM3WDV\" width=\"600\" height=\"338\" frameborder=\"0\" marginwidth=\"0\" marginheight=\"0\" scrolling=\"no\"><\/iframe>\n<\/div><\/figure>\n\n\n\n<figure class=\"wp-block-embed is-type-wp-embed is-provider-holistic-enterprise-development wp-block-embed-holistic-enterprise-development\"><div class=\"wp-block-embed__wrapper\">\n<blockquote class=\"wp-embedded-content\" data-secret=\"EZ9Vw0hAam\"><a href=\"https:\/\/www.hosiaisluoma.fi\/blog\/archimate\/\">ArchiMate Cookbook<\/a><\/blockquote><iframe loading=\"lazy\" class=\"wp-embedded-content\" sandbox=\"allow-scripts\" security=\"restricted\" style=\"position: absolute; visibility: hidden;\" title=\"&#8220;ArchiMate Cookbook&#8221; &#8212; Holistic Enterprise Development\" src=\"https:\/\/www.hosiaisluoma.fi\/blog\/archimate\/embed\/#?secret=tsvyPTnHRv#?secret=EZ9Vw0hAam\" data-secret=\"EZ9Vw0hAam\" width=\"600\" height=\"338\" frameborder=\"0\" marginwidth=\"0\" marginheight=\"0\" scrolling=\"no\"><\/iframe>\n<\/div><figcaption class=\"wp-element-caption\"><strong>Milky Way Map<\/strong><\/figcaption><\/figure>\n\n\n\n<figure class=\"wp-block-embed is-type-wp-embed is-provider-holistic-enterprise-design wp-block-embed-holistic-enterprise-design\"><div class=\"wp-block-embed__wrapper\">\n<blockquote class=\"wp-embedded-content\" data-secret=\"P7u1zfnGNH\"><a href=\"https:\/\/hosiaisluoma.fi\/design\/milky-way-map-with-edgy\/\">Milky Way Map with EDGY<\/a><\/blockquote><iframe loading=\"lazy\" class=\"wp-embedded-content\" sandbox=\"allow-scripts\" security=\"restricted\" style=\"position: absolute; visibility: hidden;\" title=\"&#8220;Milky Way Map with EDGY&#8221; &#8212; Holistic Enterprise Design\" src=\"https:\/\/hosiaisluoma.fi\/design\/milky-way-map-with-edgy\/embed\/#?secret=1Vmwzq1lSR#?secret=P7u1zfnGNH\" data-secret=\"P7u1zfnGNH\" width=\"600\" height=\"338\" frameborder=\"0\" marginwidth=\"0\" marginheight=\"0\" scrolling=\"no\"><\/iframe>\n<\/div><\/figure>\n\n\n\n<p>Customer Journey<\/p>\n\n\n\n<figure class=\"wp-block-embed is-type-wp-embed is-provider-holistic-enterprise-design wp-block-embed-holistic-enterprise-design\"><div class=\"wp-block-embed__wrapper\">\n<blockquote class=\"wp-embedded-content\" data-secret=\"mFkLLbkZNR\"><a href=\"https:\/\/hosiaisluoma.fi\/design\/customer-journey-and-service-blueprint\/\">Customer Journey and Service Blueprint<\/a><\/blockquote><iframe loading=\"lazy\" class=\"wp-embedded-content\" sandbox=\"allow-scripts\" security=\"restricted\" style=\"position: absolute; visibility: hidden;\" title=\"&#8220;Customer Journey and Service Blueprint&#8221; &#8212; Holistic Enterprise Design\" src=\"https:\/\/hosiaisluoma.fi\/design\/customer-journey-and-service-blueprint\/embed\/#?secret=LuJDIGmkeK#?secret=mFkLLbkZNR\" data-secret=\"mFkLLbkZNR\" width=\"600\" height=\"338\" frameborder=\"0\" marginwidth=\"0\" marginheight=\"0\" scrolling=\"no\"><\/iframe>\n<\/div><figcaption class=\"wp-element-caption\">Enterprise Design \/ Business Design<\/figcaption><\/figure>\n\n\n\n<figure class=\"wp-block-embed is-type-wp-embed is-provider-holistic-enterprise-design wp-block-embed-holistic-enterprise-design\"><div class=\"wp-block-embed__wrapper\">\n<blockquote class=\"wp-embedded-content\" data-secret=\"zV6PXkwx2A\"><a href=\"https:\/\/hosiaisluoma.fi\/design\/business-design\/\">Enterprise Design<\/a><\/blockquote><iframe loading=\"lazy\" class=\"wp-embedded-content\" sandbox=\"allow-scripts\" security=\"restricted\" style=\"position: absolute; visibility: hidden;\" title=\"&#8220;Enterprise Design&#8221; &#8212; Holistic Enterprise Design\" src=\"https:\/\/hosiaisluoma.fi\/design\/business-design\/embed\/#?secret=SwMvIwO58R#?secret=zV6PXkwx2A\" data-secret=\"zV6PXkwx2A\" width=\"600\" height=\"338\" frameborder=\"0\" marginwidth=\"0\" marginheight=\"0\" scrolling=\"no\"><\/iframe>\n<\/div><\/figure>\n\n\n\n<figure class=\"wp-block-image size-large\"><a href=\"https:\/\/hosiaisluoma.fi\/design\/enterprise-design-with-edgy-cookbook\/\" target=\"_blank\" rel=\" noreferrer noopener\"><img loading=\"lazy\" decoding=\"async\" width=\"1024\" height=\"650\" src=\"https:\/\/www.hosiaisluoma.fi\/wp-content\/uploads\/2025\/01\/image-1-1024x650.png\" alt=\"\" class=\"wp-image-179\" srcset=\"https:\/\/www.hosiaisluoma.fi\/wp-content\/uploads\/2025\/01\/image-1-1024x650.png 1024w, https:\/\/www.hosiaisluoma.fi\/wp-content\/uploads\/2025\/01\/image-1-300x190.png 300w, https:\/\/www.hosiaisluoma.fi\/wp-content\/uploads\/2025\/01\/image-1-768x487.png 768w, https:\/\/www.hosiaisluoma.fi\/wp-content\/uploads\/2025\/01\/image-1-1536x975.png 1536w, https:\/\/www.hosiaisluoma.fi\/wp-content\/uploads\/2025\/01\/image-1.png 1724w\" sizes=\"auto, (max-width: 1024px) 100vw, 1024px\" \/><\/a><\/figure>\n","protected":false},"excerpt":{"rendered":"<p>Holistic enterprise design combines design and architecture. <\/p>\n<p>Kokonaisvaltainen kehitt\u00e4minen yhdist\u00e4\u00e4 palvelumuotoilua ja arkkitehtuuria.<\/p>\n","protected":false},"author":1,"featured_media":99,"parent":0,"menu_order":0,"comment_status":"closed","ping_status":"closed","template":"","meta":{"footnotes":""},"class_list":["post-103","page","type-page","status-publish","has-post-thumbnail","hentry"],"_links":{"self":[{"href":"https:\/\/www.hosiaisluoma.fi\/index.php\/wp-json\/wp\/v2\/pages\/103","targetHints":{"allow":["GET"]}}],"collection":[{"href":"https:\/\/www.hosiaisluoma.fi\/index.php\/wp-json\/wp\/v2\/pages"}],"about":[{"href":"https:\/\/www.hosiaisluoma.fi\/index.php\/wp-json\/wp\/v2\/types\/page"}],"author":[{"embeddable":true,"href":"https:\/\/www.hosiaisluoma.fi\/index.php\/wp-json\/wp\/v2\/users\/1"}],"replies":[{"embeddable":true,"href":"https:\/\/www.hosiaisluoma.fi\/index.php\/wp-json\/wp\/v2\/comments?post=103"}],"version-history":[{"count":31,"href":"https:\/\/www.hosiaisluoma.fi\/index.php\/wp-json\/wp\/v2\/pages\/103\/revisions"}],"predecessor-version":[{"id":223,"href":"https:\/\/www.hosiaisluoma.fi\/index.php\/wp-json\/wp\/v2\/pages\/103\/revisions\/223"}],"wp:featuredmedia":[{"embeddable":true,"href":"https:\/\/www.hosiaisluoma.fi\/index.php\/wp-json\/wp\/v2\/media\/99"}],"wp:attachment":[{"href":"https:\/\/www.hosiaisluoma.fi\/index.php\/wp-json\/wp\/v2\/media?parent=103"}],"curies":[{"name":"wp","href":"https:\/\/api.w.org\/{rel}","templated":true}]}}